{"id":386,"date":"2023-10-23T10:43:57","date_gmt":"2023-10-23T08:43:57","guid":{"rendered":"https:\/\/www.zahnzentrum-ush.de\/?page_id=386"},"modified":"2025-05-27T11:50:12","modified_gmt":"2025-05-27T09:50:12","slug":"endodontie","status":"publish","type":"page","link":"https:\/\/www.zahnzentrum-ush.de\/index.php\/allg-leistungen\/endodontie\/","title":{"rendered":"Endodontie"},"content":{"rendered":"<div class=\"wpb-content-wrapper\">[vc_row][vc_column][vc_raw_html css=&#8220;&#8220;]JTVCd3BleF90ZW1wbGF0ZSUyMGlkJTNEJTIyODgwJTIyJTVE[\/vc_raw_html][\/vc_column][\/vc_row][vc_row css_animation=&#8220;fadeIn&#8220; content_placement=&#8220;middle&#8220; remove_bottom_col_margin=&#8220;true&#8220; css=&#8220;.vc_custom_1746690578173{margin-top: 2em !important;margin-bottom: 2em !important;}&#8220;][vc_column][vc_column_text css=&#8220;&#8220;]\n<h1>Endodontie<\/h1>\n[\/vc_column_text][vc_column_text css=&#8220;&#8220;]\n<h2><span style=\"color: #47bed7;\">Zahnerhalt aus der Tiefe <\/span><\/h2>\n[\/vc_column_text][\/vc_column][\/vc_row][vc_row css_animation=&#8220;fadeIn&#8220; css=&#8220;.vc_custom_1746698973889{margin-bottom: 2em !important;}&#8220;][vc_column][vc_column_text css=&#8220;&#8220;]Dicke Backe, starke Schmerzen oder ein schmerzfrei abgestorbener Zahn \u2013 Die <strong>Endodontie<\/strong> ist ein Spezialgebiet der Zahnmedizin, das sich auf die <strong>Behandlung des Zahninneren<\/strong> konzentriert, insbesondere auf den <strong>Zahnnerv<\/strong> und die <strong>Wurzelkan\u00e4le<\/strong>. Wenn diese Bereiche besch\u00e4digt oder infiziert sind, f\u00fchrt das oft zu erheblichen Schmerzen. <strong>Aber Achtung:<\/strong> Manchmal kann eine Infektion auch unbemerkt verlaufen und eine Wurzelbehandlung wird notwendig, obwohl keine Schmerzen sp\u00fcrbar sind![\/vc_column_text][\/vc_column][\/vc_row][vc_row css_animation=&#8220;fadeIn&#8220;][vc_column][vc_row_inner][vc_column_inner][vc_column_text css=&#8220;.vc_custom_1746690638627{border-left-width: 2px !important;padding-left: 15px !important;border-left-style: solid !important;border-color: #DEDC00 !important;}&#8220;]\n<h3>Wann ist eine Wurzelbehandlung notwendig \u2013 und was ist das \u00fcberhaupt?<\/h3>\n[\/vc_column_text][\/vc_column_inner][\/vc_row_inner][vc_column_text css=&#8220;&#8220;]Anhaltende Zahnschmerzen, Schwellungen oder Empfindlichkeiten k\u00f6nnen Anzeichen f\u00fcr eine <strong>Infektion<\/strong> oder <strong>Entz\u00fcndung<\/strong> im Inneren des Zahns sein. Bei symptomfreien Entz\u00fcndungen hilft bildgebende Diagnostik, um die Infektion zu entdecken. In solchen F\u00e4llen dient die Wurzelbehandlung dazu, den Zahn zu retten, indem sie das gesch\u00e4digte Gewebe entfernt und den Zahnkanal versiegelt, um weitere Komplikationen zu vermeiden.[\/vc_column_text][\/vc_column][\/vc_row][vc_row css_animation=&#8220;fadeIn&#8220; css=&#8220;.vc_custom_1743602421095{margin-bottom: 100px !important;}&#8220;][vc_column][vc_row_inner][vc_column_inner][vc_column_text css=&#8220;.vc_custom_1746690687294{border-left-width: 2px !important;padding-left: 15px !important;border-left-style: solid !important;border-color: #DEDC00 !important;}&#8220;]\n<h3>Wie l\u00e4uft eine Wurzelbehandlung ab?<\/h3>\n[\/vc_column_text][\/vc_column_inner][\/vc_row_inner][vc_column_text css=&#8220;&#8220;]\n<h4><span style=\"color: #47bed7;\">1. Erstdiagnose:<\/span><\/h4>\n<p>Ihr Zahnarzt untersucht Ihren Zahn sorgf\u00e4ltig und nutzt <strong>R\u00f6ntgenaufnahmen<\/strong>, um den Schaden genau zu bestimmen. So wird klar, wie weit die Infektion fortgeschritten ist.<\/p>\n<h4><span style=\"color: #47bed7;\">2. Die Behandlung:<\/span><\/h4>\n<p>In diesem Schritt entfernen wir das <strong>infizierte Gewebe<\/strong> aus dem <strong>Zahninneren<\/strong>. Die Wurzelkan\u00e4le werden gr\u00fcndlich gereinigt, desinfiziert und dann versiegelt, um den Zahn zu sch\u00fctzen.<\/p>\n<h4><span style=\"color: #47bed7;\">3. Wiederherstellung:<\/span><\/h4>\n<p>Nachdem die Behandlung abgeschlossen ist, wird der Zahn wiederhergestellt. Oft wird eine <strong>Krone<\/strong> eingesetzt, um die St\u00e4rke und Funktionalit\u00e4t des Zahns zu gew\u00e4hrleisten und ihn wieder voll einsatzf\u00e4hig zu machen.<\/p>\n<h4><span style=\"color: #47bed7;\">4. Erneuerung:<\/span><\/h4>\n<p><strong>Was passiert, wenn ein wurzelbehandelter Zahn im Laufe des Lebens erneut \u00c4rger macht?<\/strong> H\u00e4ufig k\u00f6nnen wir diese Z\u00e4hne trotzdem retten. Die Revision, sprich Erneuerung der Wurzelf\u00fcllung kann auch bei bereits wurzelbehandelten Z\u00e4hnen helfen, wenn die Entz\u00fcndung in der Vergangenheit nicht ausgeheilt ist, oder sich das Kanalsystem erneut infiziert hat.<\/p>\n<p>Wenn Sie Fragen zur Endodontie haben oder wissen m\u00f6chten, ob f\u00fcr Sie eine Wurzelbehandlung in Frage kommt, z\u00f6gern Sie nicht, uns zu kontaktieren.[\/vc_column_text][\/vc_column][\/vc_row]\n<\/div>","protected":false},"excerpt":{"rendered":"<p>[vc_row][vc_column][vc_raw_html css=&#8220;&#8220;]JTVCd3BleF90ZW1wbGF0ZSUyMGlkJTNEJTIyODgwJTIyJTVE[\/vc_raw_html][\/vc_column][\/vc_row][vc_row css_animation=&#8220;fadeIn&#8220; content_placement=&#8220;middle&#8220; remove_bottom_col_margin=&#8220;true&#8220; css=&#8220;.vc_custom_1746690578173{margin-top: 2em !important;margin-bottom: 2em !important;}&#8220;][vc_column][vc_column_text css=&#8220;&#8220;] Endodontie [\/vc_column_text][vc_column_text css=&#8220;&#8220;] Zahnerhalt aus der Tiefe [\/vc_column_text][\/vc_column][\/vc_row][vc_row css_animation=&#8220;fadeIn&#8220; css=&#8220;.vc_custom_1746698973889{margin-bottom: 2em !important;}&#8220;][vc_column][vc_column_text css=&#8220;&#8220;]Dicke Backe, starke Schmerzen oder ein schmerzfrei abgestorbener Zahn \u2013 Die Endodontie ist ein Spezialgebiet der Zahnmedizin, das sich auf die Behandlung des Zahninneren konzentriert, insbesondere auf den Zahnnerv und die Wurzelkan\u00e4le.&hellip;<\/p>\n","protected":false},"author":2,"featured_media":0,"parent":167,"menu_order":0,"comment_status":"closed","ping_status":"closed","template":"","meta":{"inline_featured_image":false,"footnotes":"","_links_to":"","_links_to_target":""},"class_list":["post-386","page","type-page","status-publish","hentry","entry","no-media"],"_links":{"self":[{"href":"https:\/\/www.zahnzentrum-ush.de\/index.php\/wp-json\/wp\/v2\/pages\/386","targetHints":{"allow":["GET"]}}],"collection":[{"href":"https:\/\/www.zahnzentrum-ush.de\/index.php\/wp-json\/wp\/v2\/pages"}],"about":[{"href":"https:\/\/www.zahnzentrum-ush.de\/index.php\/wp-json\/wp\/v2\/types\/page"}],"author":[{"embeddable":true,"href":"https:\/\/www.zahnzentrum-ush.de\/index.php\/wp-json\/wp\/v2\/users\/2"}],"replies":[{"embeddable":true,"href":"https:\/\/www.zahnzentrum-ush.de\/index.php\/wp-json\/wp\/v2\/comments?post=386"}],"version-history":[{"count":20,"href":"https:\/\/www.zahnzentrum-ush.de\/index.php\/wp-json\/wp\/v2\/pages\/386\/revisions"}],"predecessor-version":[{"id":1878,"href":"https:\/\/www.zahnzentrum-ush.de\/index.php\/wp-json\/wp\/v2\/pages\/386\/revisions\/1878"}],"up":[{"embeddable":true,"href":"https:\/\/www.zahnzentrum-ush.de\/index.php\/wp-json\/wp\/v2\/pages\/167"}],"wp:attachment":[{"href":"https:\/\/www.zahnzentrum-ush.de\/index.php\/wp-json\/wp\/v2\/media?parent=386"}],"curies":[{"name":"wp","href":"https:\/\/api.w.org\/{rel}","templated":true}]}}