{"id":380,"date":"2023-10-23T10:42:21","date_gmt":"2023-10-23T08:42:21","guid":{"rendered":"https:\/\/www.zahnzentrum-ush.de\/?page_id=380"},"modified":"2025-05-30T10:48:37","modified_gmt":"2025-05-30T08:48:37","slug":"implantologie","status":"publish","type":"page","link":"https:\/\/www.zahnzentrum-ush.de\/index.php\/allg-leistungen\/implantologie\/","title":{"rendered":"Implantologie"},"content":{"rendered":"<div class=\"wpb-content-wrapper\">[vc_row][vc_column][vc_raw_html css=&#8220;&#8220;]JTVCd3BleF90ZW1wbGF0ZSUyMGlkJTNEJTIyODgwJTIyJTVE[\/vc_raw_html][\/vc_column][\/vc_row][vc_row css_animation=&#8220;fadeIn&#8220; content_placement=&#8220;middle&#8220; remove_bottom_col_margin=&#8220;true&#8220; css=&#8220;.vc_custom_1746691488996{margin-top: 2em !important;margin-bottom: 2em !important;}&#8220;][vc_column][vc_column_text css=&#8220;&#8220;]\n<h1 style=\"text-align: left;\">Implantologie<\/h1>\n[\/vc_column_text][vc_column_text css=&#8220;&#8220;]\n<h2><span style=\"color: #47bed7;\">Implantologie: Ihr Weg zu einem strahlenden L\u00e4cheln<\/span><\/h2>\n[\/vc_column_text][\/vc_column][\/vc_row][vc_row css_animation=&#8220;fadeIn&#8220;][vc_column][vc_column_text css=&#8220;.vc_custom_1743600680055{margin-bottom: 35px !important;}&#8220;][\/vc_column_text][vc_row_inner][vc_column_inner][vc_column_text css=&#8220;.vc_custom_1746691109763{border-left-width: 2px !important;padding-left: 15px !important;border-left-style: solid !important;border-color: #DEDC00 !important;}&#8220;]\n<h3>Was sind Zahnimplantate?<\/h3>\n[\/vc_column_text][\/vc_column_inner][\/vc_row_inner][vc_column_text css=&#8220;&#8220;]<strong>Zahnimplantate sind k\u00fcnstliche Zahnwurzeln, die in den Kieferknochen eingesetzt werden, um fehlende Z\u00e4hne zu ersetzen<\/strong>. Sie bestehen in der Regel aus Titan, einem biokompatiblen Material, das vom K\u00f6rper gut akzeptiert wird. Implantate bieten eine stabile und dauerhafte L\u00f6sung, die sowohl funktional als auch \u00e4sthetisch ansprechend ist.[\/vc_column_text][\/vc_column][\/vc_row][vc_row css_animation=&#8220;fadeIn&#8220;][vc_column width=&#8220;1\/2&#8243;]<figure class=\"vcex-image vcex-module\"><div class=\"vcex-image-inner wpex-relative wpex-inline-block vc_custom_1744874967871\"><img width=\"1920\" height=\"1080\" src=\"https:\/\/www.zahnzentrum-ush.de\/wp-content\/uploads\/2025\/04\/Zahnimplantat_Dunkel.jpg\" class=\"vcex-image-img wpex-align-middle\" alt=\"Close up eine Modells von einem Zahnimplantat mit dunklem Hintergrund auf einer spiegelnden Fl\u00e4che\" loading=\"lazy\" decoding=\"async\" srcset=\"https:\/\/www.zahnzentrum-ush.de\/wp-content\/uploads\/2025\/04\/Zahnimplantat_Dunkel.jpg 1920w, https:\/\/www.zahnzentrum-ush.de\/wp-content\/uploads\/2025\/04\/Zahnimplantat_Dunkel-300x169.jpg 300w, https:\/\/www.zahnzentrum-ush.de\/wp-content\/uploads\/2025\/04\/Zahnimplantat_Dunkel-1024x576.jpg 1024w, https:\/\/www.zahnzentrum-ush.de\/wp-content\/uploads\/2025\/04\/Zahnimplantat_Dunkel-768x432.jpg 768w, https:\/\/www.zahnzentrum-ush.de\/wp-content\/uploads\/2025\/04\/Zahnimplantat_Dunkel-1536x864.jpg 1536w\" sizes=\"auto, (max-width: 1920px) 100vw, 1920px\" \/><\/div><\/figure>[\/vc_column][vc_column width=&#8220;1\/2&#8243;]<figure class=\"vcex-image vcex-module\"><div class=\"vcex-image-inner wpex-relative wpex-inline-block vc_custom_1744874981510\"><img width=\"1920\" height=\"1080\" src=\"https:\/\/www.zahnzentrum-ush.de\/wp-content\/uploads\/2025\/04\/Gebiss_Modell.jpg\" class=\"vcex-image-img wpex-align-middle\" alt=\"Modell eines kompletten Gebisses aus gelblich, transparenten Kunststoff auf einer sich spiegelnden Oberfl\u00e4che\" loading=\"lazy\" decoding=\"async\" srcset=\"https:\/\/www.zahnzentrum-ush.de\/wp-content\/uploads\/2025\/04\/Gebiss_Modell.jpg 1920w, https:\/\/www.zahnzentrum-ush.de\/wp-content\/uploads\/2025\/04\/Gebiss_Modell-300x169.jpg 300w, https:\/\/www.zahnzentrum-ush.de\/wp-content\/uploads\/2025\/04\/Gebiss_Modell-1024x576.jpg 1024w, https:\/\/www.zahnzentrum-ush.de\/wp-content\/uploads\/2025\/04\/Gebiss_Modell-768x432.jpg 768w, https:\/\/www.zahnzentrum-ush.de\/wp-content\/uploads\/2025\/04\/Gebiss_Modell-1536x864.jpg 1536w\" sizes=\"auto, (max-width: 1920px) 100vw, 1920px\" \/><\/div><\/figure>[\/vc_column][\/vc_row][vc_row css_animation=&#8220;fadeIn&#8220;][vc_column][vc_column_text css=&#8220;.vc_custom_1743600680055{margin-bottom: 35px !important;}&#8220;][\/vc_column_text][vc_row_inner][vc_column_inner][vc_column_text css=&#8220;.vc_custom_1746691162743{border-left-width: 2px !important;padding-left: 15px !important;border-left-style: solid !important;border-color: #DEDC00 !important;}&#8220;]\n<h3>Warum sollte ich mich f\u00fcr ein Zahnimplantat entscheiden?<\/h3>\n[\/vc_column_text][\/vc_column_inner][\/vc_row_inner][vc_column_text css=&#8220;&#8220;]Vielleicht fragen Sie sich, warum Zahnimplantate die richtige Wahl f\u00fcr Sie sein k\u00f6nnten. Hier sind einige Vorteile:<\/p>\n<p><span style=\"color: #47bed7;\">Nat\u00fcrlicher Look und Gef\u00fchl:<\/span> Z\u00e4hne auf Implantaten sehen aus wie nat\u00fcrliche Z\u00e4hne \u2013 und f\u00fchlen sich auch so an.<\/p>\n<p><span style=\"color: #47bed7;\">Langlebigkeit:<\/span> Bei richtiger Pflege k\u00f6nnen Implantate ein Leben lang halten.<\/p>\n<p><span style=\"color: #47bed7;\">Erhalt der Kieferknochen<\/span><strong>:<\/strong> Implantate stimulieren den Kieferknochen und verhindern dessen Abbau, was bei fehlenden Z\u00e4hnen h\u00e4ufig der Fall ist.<\/p>\n<p><span style=\"color: #47bed7;\">Verbesserte Lebensqualit\u00e4t:<\/span> Sie k\u00f6nnen wieder unbeschwert essen, sprechen und lachen.[\/vc_column_text][\/vc_column][\/vc_row][vc_row css_animation=&#8220;fadeIn&#8220;][vc_column][vc_column_text css=&#8220;.vc_custom_1743600680055{margin-bottom: 35px !important;}&#8220;][\/vc_column_text][vc_row_inner][vc_column_inner][vc_column_text css=&#8220;.vc_custom_1746691247192{border-left-width: 2px !important;padding-left: 15px !important;border-left-style: solid !important;border-color: #DEDC00 !important;}&#8220;]\n<h3>Wie l\u00e4uft der Prozess ab?<\/h3>\n[\/vc_column_text][\/vc_column_inner][\/vc_row_inner][vc_column_text css=&#8220;&#8220;]Der Prozess der Implantation kann in mehrere Schritte unterteilt werden:<\/p>\n<p><span style=\"color: #47bed7;\">1. Beratung: <\/span>In einem ersten Gespr\u00e4ch besprechen wir Ihre individuelle Situation und kl\u00e4ren alle offenen Fragen.<\/p>\n<p><span style=\"color: #47bed7;\">2. Planung:<\/span> Wir erstellen einen detaillierten Behandlungsplan, der auf Ihren Bed\u00fcrfnissen basiert.<\/p>\n<p><span style=\"color: #47bed7;\">3. Eingriff: <\/span>Das Implantat wird in den Kieferknochen eingesetzt. Bei Bedarf mit Knochenaufbau. Hier setzen wir \u00fcberwiegend auf k\u00f6rpereigenes Material. Dies geschieht in der Regel unter \u00f6rtlicher Bet\u00e4ubung, auf Wunsch aber auch in Vollnarkose.<\/p>\n<p><span style=\"color: #47bed7;\">4. Heilungsphase:<\/span> Der Kieferknochen w\u00e4chst um das Implantat herum und sorgt f\u00fcr Stabilit\u00e4t. Dies kann einige Monate dauern.<\/p>\n<p><span style=\"color: #47bed7;\">5. Zahnersatz: <\/span>Nach der Heilung wird der endg\u00fcltige Zahnersatz auf das Implantat gesetzt.[\/vc_column_text][\/vc_column][\/vc_row][vc_row css_animation=&#8220;fadeIn&#8220; css=&#8220;.vc_custom_1743600851548{margin-bottom: 100px !important;}&#8220;][vc_column][vc_column_text css=&#8220;.vc_custom_1743600680055{margin-bottom: 35px !important;}&#8220;][\/vc_column_text][vc_row_inner][vc_column_inner][vc_column_text css=&#8220;.vc_custom_1746691405772{border-left-width: 2px !important;padding-left: 15px !important;border-left-style: solid !important;border-color: #DEDC00 !important;}&#8220;]\n<h3><span style=\"color: #407695; font-size: 22px; font-style: var(--wpex-heading-font-style); letter-spacing: 1px; text-transform: uppercase;\">Ist der Eingriff schmerzhaft?<\/span><\/h3>\n[\/vc_column_text][\/vc_column_inner][\/vc_row_inner][vc_column_text css=&#8220;&#8220;]Es ist ganz normal, sich \u00fcber den Schmerz w\u00e4hrend des Eingriffs Gedanken zu machen. Die meisten Patienten berichten, dass sie w\u00e4hrend der Behandlung kaum etwas sp\u00fcren, da wir eine \u00f6rtliche Bet\u00e4ubung verwenden.<\/p>\n<p>Wenn Sie mehr \u00fcber Implantate erfahren m\u00f6chten oder eine pers\u00f6nliche Beratung w\u00fcnschen, kontaktieren Sie uns gerne f\u00fcr einen Termin. Wir freuen uns auf Ihren Besuch![\/vc_column_text][\/vc_column][\/vc_row]\n<\/div>","protected":false},"excerpt":{"rendered":"<p>[vc_row][vc_column][vc_raw_html css=&#8220;&#8220;]JTVCd3BleF90ZW1wbGF0ZSUyMGlkJTNEJTIyODgwJTIyJTVE[\/vc_raw_html][\/vc_column][\/vc_row][vc_row css_animation=&#8220;fadeIn&#8220; content_placement=&#8220;middle&#8220; remove_bottom_col_margin=&#8220;true&#8220; css=&#8220;.vc_custom_1746691488996{margin-top: 2em !important;margin-bottom: 2em !important;}&#8220;][vc_column][vc_column_text css=&#8220;&#8220;] Implantologie [\/vc_column_text][vc_column_text css=&#8220;&#8220;] Implantologie: Ihr Weg zu einem strahlenden L\u00e4cheln [\/vc_column_text][\/vc_column][\/vc_row][vc_row css_animation=&#8220;fadeIn&#8220;][vc_column][vc_column_text css=&#8220;.vc_custom_1743600680055{margin-bottom: 35px !important;}&#8220;][\/vc_column_text][vc_row_inner][vc_column_inner][vc_column_text css=&#8220;.vc_custom_1746691109763{border-left-width: 2px !important;padding-left: 15px !important;border-left-style: solid !important;border-color: #DEDC00 !important;}&#8220;] Was sind Zahnimplantate? [\/vc_column_text][\/vc_column_inner][\/vc_row_inner][vc_column_text css=&#8220;&#8220;]Zahnimplantate sind k\u00fcnstliche Zahnwurzeln, die in den Kieferknochen eingesetzt werden, um fehlende Z\u00e4hne zu ersetzen. Sie&hellip;<\/p>\n","protected":false},"author":2,"featured_media":0,"parent":167,"menu_order":0,"comment_status":"closed","ping_status":"closed","template":"","meta":{"inline_featured_image":false,"footnotes":"","_links_to":"","_links_to_target":""},"class_list":["post-380","page","type-page","status-publish","hentry","entry","no-media"],"_links":{"self":[{"href":"https:\/\/www.zahnzentrum-ush.de\/index.php\/wp-json\/wp\/v2\/pages\/380","targetHints":{"allow":["GET"]}}],"collection":[{"href":"https:\/\/www.zahnzentrum-ush.de\/index.php\/wp-json\/wp\/v2\/pages"}],"about":[{"href":"https:\/\/www.zahnzentrum-ush.de\/index.php\/wp-json\/wp\/v2\/types\/page"}],"author":[{"embeddable":true,"href":"https:\/\/www.zahnzentrum-ush.de\/index.php\/wp-json\/wp\/v2\/users\/2"}],"replies":[{"embeddable":true,"href":"https:\/\/www.zahnzentrum-ush.de\/index.php\/wp-json\/wp\/v2\/comments?post=380"}],"version-history":[{"count":18,"href":"https:\/\/www.zahnzentrum-ush.de\/index.php\/wp-json\/wp\/v2\/pages\/380\/revisions"}],"predecessor-version":[{"id":1882,"href":"https:\/\/www.zahnzentrum-ush.de\/index.php\/wp-json\/wp\/v2\/pages\/380\/revisions\/1882"}],"up":[{"embeddable":true,"href":"https:\/\/www.zahnzentrum-ush.de\/index.php\/wp-json\/wp\/v2\/pages\/167"}],"wp:attachment":[{"href":"https:\/\/www.zahnzentrum-ush.de\/index.php\/wp-json\/wp\/v2\/media?parent=380"}],"curies":[{"name":"wp","href":"https:\/\/api.w.org\/{rel}","templated":true}]}}