{"id":376,"date":"2023-10-23T10:40:41","date_gmt":"2023-10-23T08:40:41","guid":{"rendered":"https:\/\/www.zahnzentrum-ush.de\/?page_id=376"},"modified":"2025-05-15T12:34:01","modified_gmt":"2025-05-15T10:34:01","slug":"diagnostik","status":"publish","type":"page","link":"https:\/\/www.zahnzentrum-ush.de\/index.php\/allg-leistungen\/diagnostik\/","title":{"rendered":"Diagnostik"},"content":{"rendered":"<div class=\"wpb-content-wrapper\">[vc_row][vc_column][vc_raw_html css=&#8220;&#8220;]JTVCd3BleF90ZW1wbGF0ZSUyMGlkJTNEJTIyODgwJTIyJTVE[\/vc_raw_html][\/vc_column][\/vc_row][vc_row css_animation=&#8220;fadeIn&#8220; content_placement=&#8220;middle&#8220; remove_bottom_col_margin=&#8220;true&#8220; css=&#8220;.vc_custom_1746689268540{margin-top: 2em !important;margin-bottom: 2em !important;}&#8220;][vc_column][vc_column_text css=&#8220;&#8220;]\n<h1 style=\"text-align: left;\">Diagnostik<\/h1>\n[\/vc_column_text][vc_column_text css=&#8220;&#8220;]\n<h2><span style=\"color: #47bed7;\">Sie als Mensch im Mittelpunkt<\/span><\/h2>\n[\/vc_column_text][\/vc_column][\/vc_row][vc_row css_animation=&#8220;fadeIn&#8220; css=&#8220;.vc_custom_1743600340508{margin-bottom: 2em !important;}&#8220;][vc_column][vc_column_text css=&#8220;&#8220;]\n<h4 class=\"Text\"><span class=\"Ohne\">In unserer Zahnarztpraxis setzen wir auf eine umfassende und pr\u00e4zise Diagnostik, um sicherzustellen, dass Sie die bestm\u00f6gliche Versorgung f\u00fcr Ihre Zahngesundheit erhalten. Unsere modernen diagnostischen Verfahren und Technologien erm\u00f6glichen es uns, eine genaue und umfassende Beurteilung Ihrer Mundgesundheit durchzuf\u00fchren.<\/span><\/h4>\n[\/vc_column_text][\/vc_column][\/vc_row][vc_row css_animation=&#8220;fadeIn&#8220; gap=&#8220;35&#8243; css=&#8220;.vc_custom_1743600349232{margin-bottom: 100px !important;}&#8220;][vc_column width=&#8220;1\/3&#8243;]<figure class=\"vcex-image vcex-module\"><div class=\"vcex-image-inner wpex-relative wpex-inline-block vc_custom_1744874135691\"><img width=\"1920\" height=\"1080\" src=\"https:\/\/www.zahnzentrum-ush.de\/wp-content\/uploads\/2025\/04\/Roentgenbild.jpg\" class=\"vcex-image-img wpex-align-middle\" alt=\"Digitales R\u00f6ntgenbild auf einem Display\" loading=\"lazy\" decoding=\"async\" srcset=\"https:\/\/www.zahnzentrum-ush.de\/wp-content\/uploads\/2025\/04\/Roentgenbild.jpg 1920w, https:\/\/www.zahnzentrum-ush.de\/wp-content\/uploads\/2025\/04\/Roentgenbild-300x169.jpg 300w, https:\/\/www.zahnzentrum-ush.de\/wp-content\/uploads\/2025\/04\/Roentgenbild-1024x576.jpg 1024w, https:\/\/www.zahnzentrum-ush.de\/wp-content\/uploads\/2025\/04\/Roentgenbild-768x432.jpg 768w, https:\/\/www.zahnzentrum-ush.de\/wp-content\/uploads\/2025\/04\/Roentgenbild-1536x864.jpg 1536w\" sizes=\"auto, (max-width: 1920px) 100vw, 1920px\" \/><\/div><\/figure>[vc_row_inner][vc_column_inner][vc_column_text css=&#8220;.vc_custom_1746689379794{border-left-width: 2px !important;padding-left: 15px !important;border-left-style: solid !important;border-color: #DEDC00 !important;}&#8220;]\n<h3 class=\"Text\"><span class=\"Ohne\">Digitale R\u00f6ntgenaufnahmen: Strahlungsarm und pr\u00e4zise<\/span><\/h3>\n[\/vc_column_text][\/vc_column_inner][\/vc_row_inner][vc_column_text css=&#8220;&#8220;]\n<p class=\"Text\"><span class=\"Ohne\">Wir <strong>r\u00f6ntgen digital<\/strong>. Das reduziert die Strahlenbelastung erheblich und liefert dennoch gestochen scharfe Bilder Ihres Mundraums. So k\u00f6nnen wir <strong>Zahn- und Kieferprobleme<\/strong> in ihren fr\u00fchesten Stadien erkennen, noch bevor sie Symptome verursachen. Die Pr\u00e4zision dieser Technologie erm\u00f6glicht es uns, effektive Behandlungspl\u00e4ne zu entwickeln und gezielt einzugreifen.<\/span><\/p>\n[\/vc_column_text][\/vc_column][vc_column width=&#8220;1\/3&#8243;]<figure class=\"vcex-image vcex-module\"><div class=\"vcex-image-inner wpex-relative wpex-inline-block vc_custom_1747305216952\"><img width=\"1920\" height=\"1080\" src=\"https:\/\/www.zahnzentrum-ush.de\/wp-content\/uploads\/2025\/05\/3D_Gebiss_Roentgen.jpg\" class=\"vcex-image-img wpex-align-middle\" alt=\"Hand vom Zahnarzt beim R\u00f6ntgen menschlicher Z\u00e4hne auf Computerbildschirm.\" loading=\"lazy\" decoding=\"async\" srcset=\"https:\/\/www.zahnzentrum-ush.de\/wp-content\/uploads\/2025\/05\/3D_Gebiss_Roentgen.jpg 1920w, https:\/\/www.zahnzentrum-ush.de\/wp-content\/uploads\/2025\/05\/3D_Gebiss_Roentgen-300x169.jpg 300w, https:\/\/www.zahnzentrum-ush.de\/wp-content\/uploads\/2025\/05\/3D_Gebiss_Roentgen-1024x576.jpg 1024w, https:\/\/www.zahnzentrum-ush.de\/wp-content\/uploads\/2025\/05\/3D_Gebiss_Roentgen-768x432.jpg 768w, https:\/\/www.zahnzentrum-ush.de\/wp-content\/uploads\/2025\/05\/3D_Gebiss_Roentgen-1536x864.jpg 1536w\" sizes=\"auto, (max-width: 1920px) 100vw, 1920px\" \/><\/div><\/figure>[vc_row_inner][vc_column_inner][vc_column_text css=&#8220;.vc_custom_1746689435884{border-left-width: 2px !important;padding-left: 15px !important;border-left-style: solid !important;border-color: #DEDC00 !important;}&#8220;]\n<h3 class=\"Text\"><span class=\"Ohne\">3D-Bildgebung: Einblick in die Tiefe<\/span><\/h3>\n[\/vc_column_text][\/vc_column_inner][\/vc_row_inner][vc_column_text css=&#8220;&#8220;]\n<p class=\"Text\"><span class=\"Ohne\">Die <strong>digitale Volumentomographie (DVT)<\/strong> liefert uns eine dreidimensionale Darstellung Ihrer Z\u00e4hne und Ihres Kiefers. Dies bietet uns einen noch detaillierteren Einblick in Ihre Zahnsituation und erm\u00f6glicht eine pr\u00e4zisere Diagnose. Komplexe F\u00e4lle, wie etwa Weisheitszahnentfernungen oder Implantatplanungen, profitieren besonders von dieser fortschrittlichen Technologie.<\/span><\/p>\n[\/vc_column_text][\/vc_column][vc_column width=&#8220;1\/3&#8243;]<figure class=\"vcex-image vcex-module\"><div class=\"vcex-image-inner wpex-relative wpex-inline-block vc_custom_1743598779079\"><img width=\"1920\" height=\"1080\" src=\"https:\/\/www.zahnzentrum-ush.de\/wp-content\/uploads\/2025\/04\/Senior_Zahnbruecke-1.jpg\" class=\"vcex-image-img wpex-align-middle\" alt=\"Vorderansicht eines \u00e4lteren Mannes mit orangenem Pullover, welcher auf dem Behandlungsstuhl sitzt. Neben ihm sitzt Dr. Steib und zeigt ihm ein Modell einen Unterkiefers\" loading=\"lazy\" decoding=\"async\" srcset=\"https:\/\/www.zahnzentrum-ush.de\/wp-content\/uploads\/2025\/04\/Senior_Zahnbruecke-1.jpg 1920w, https:\/\/www.zahnzentrum-ush.de\/wp-content\/uploads\/2025\/04\/Senior_Zahnbruecke-1-300x169.jpg 300w, https:\/\/www.zahnzentrum-ush.de\/wp-content\/uploads\/2025\/04\/Senior_Zahnbruecke-1-1024x576.jpg 1024w, https:\/\/www.zahnzentrum-ush.de\/wp-content\/uploads\/2025\/04\/Senior_Zahnbruecke-1-768x432.jpg 768w, https:\/\/www.zahnzentrum-ush.de\/wp-content\/uploads\/2025\/04\/Senior_Zahnbruecke-1-1536x864.jpg 1536w\" sizes=\"auto, (max-width: 1920px) 100vw, 1920px\" \/><\/div><\/figure>[vc_row_inner][vc_column_inner][vc_column_text css=&#8220;.vc_custom_1746689462445{border-left-width: 2px !important;padding-left: 15px !important;border-left-style: solid !important;border-color: #DEDC00 !important;}&#8220;]\n<h3 class=\"Text\"><span class=\"Ohne\">Ganzheitliche Diagnostik \u2013 denn Zahnmedizin ist mehr \u2026<\/span><\/h3>\n[\/vc_column_text][\/vc_column_inner][\/vc_row_inner][vc_column_text css=&#8220;&#8220;]\n<p class=\"Text\"><span class=\"Ohne\">\u2026 als das Loch im Zahn. Bei uns stehen Sie als Mensch im Mittelpunkt. Wir nehmen uns gerne die Zeit, Sie und Ihre Anliegen zu verstehen. So k\u00f6nnen wir auch <strong>komplexe Zusammenh\u00e4nge<\/strong> erfassen und <strong>individuelle Behandlungspl\u00e4ne<\/strong> entwickeln, die exakt auf Sie zugeschnitten sind, um nicht nur die Funktionalit\u00e4t Ihrer Z\u00e4hne zu erhalten, sondern auch Ihr Wohlbefinden zu steigern. <\/span><\/p>\n[\/vc_column_text][\/vc_column][\/vc_row]\n<\/div>","protected":false},"excerpt":{"rendered":"<p>[vc_row][vc_column][vc_raw_html css=&#8220;&#8220;]JTVCd3BleF90ZW1wbGF0ZSUyMGlkJTNEJTIyODgwJTIyJTVE[\/vc_raw_html][\/vc_column][\/vc_row][vc_row css_animation=&#8220;fadeIn&#8220; content_placement=&#8220;middle&#8220; remove_bottom_col_margin=&#8220;true&#8220; css=&#8220;.vc_custom_1746689268540{margin-top: 2em !important;margin-bottom: 2em !important;}&#8220;][vc_column][vc_column_text css=&#8220;&#8220;] Diagnostik [\/vc_column_text][vc_column_text css=&#8220;&#8220;] Sie als Mensch im Mittelpunkt [\/vc_column_text][\/vc_column][\/vc_row][vc_row css_animation=&#8220;fadeIn&#8220; css=&#8220;.vc_custom_1743600340508{margin-bottom: 2em !important;}&#8220;][vc_column][vc_column_text css=&#8220;&#8220;] In unserer Zahnarztpraxis setzen wir auf eine umfassende und pr\u00e4zise Diagnostik, um sicherzustellen, dass Sie die bestm\u00f6gliche Versorgung f\u00fcr Ihre Zahngesundheit erhalten. Unsere modernen diagnostischen Verfahren und Technologien erm\u00f6glichen es&hellip;<\/p>\n","protected":false},"author":2,"featured_media":0,"parent":167,"menu_order":0,"comment_status":"closed","ping_status":"closed","template":"","meta":{"inline_featured_image":false,"footnotes":"","_links_to":"","_links_to_target":""},"class_list":["post-376","page","type-page","status-publish","hentry","entry","no-media"],"_links":{"self":[{"href":"https:\/\/www.zahnzentrum-ush.de\/index.php\/wp-json\/wp\/v2\/pages\/376","targetHints":{"allow":["GET"]}}],"collection":[{"href":"https:\/\/www.zahnzentrum-ush.de\/index.php\/wp-json\/wp\/v2\/pages"}],"about":[{"href":"https:\/\/www.zahnzentrum-ush.de\/index.php\/wp-json\/wp\/v2\/types\/page"}],"author":[{"embeddable":true,"href":"https:\/\/www.zahnzentrum-ush.de\/index.php\/wp-json\/wp\/v2\/users\/2"}],"replies":[{"embeddable":true,"href":"https:\/\/www.zahnzentrum-ush.de\/index.php\/wp-json\/wp\/v2\/comments?post=376"}],"version-history":[{"count":28,"href":"https:\/\/www.zahnzentrum-ush.de\/index.php\/wp-json\/wp\/v2\/pages\/376\/revisions"}],"predecessor-version":[{"id":1725,"href":"https:\/\/www.zahnzentrum-ush.de\/index.php\/wp-json\/wp\/v2\/pages\/376\/revisions\/1725"}],"up":[{"embeddable":true,"href":"https:\/\/www.zahnzentrum-ush.de\/index.php\/wp-json\/wp\/v2\/pages\/167"}],"wp:attachment":[{"href":"https:\/\/www.zahnzentrum-ush.de\/index.php\/wp-json\/wp\/v2\/media?parent=376"}],"curies":[{"name":"wp","href":"https:\/\/api.w.org\/{rel}","templated":true}]}}