{"id":1448,"date":"2025-05-08T08:35:12","date_gmt":"2025-05-08T06:35:12","guid":{"rendered":"https:\/\/www.zahnzentrum-ush.de\/?page_id=1448"},"modified":"2025-06-02T14:03:31","modified_gmt":"2025-06-02T12:03:31","slug":"sportmundschutz","status":"publish","type":"page","link":"https:\/\/www.zahnzentrum-ush.de\/index.php\/allg-leistungen\/sportmundschutz\/","title":{"rendered":"Sportmundschutz"},"content":{"rendered":"<div class=\"wpb-content-wrapper\">[vc_row][vc_column][vc_raw_html css=&#8220;&#8220;]JTVCd3BleF90ZW1wbGF0ZSUyMGlkJTNEJTIyODgwJTIyJTVE[\/vc_raw_html][\/vc_column][\/vc_row][vc_row css_animation=&#8220;fadeIn&#8220; content_placement=&#8220;middle&#8220; remove_bottom_col_margin=&#8220;true&#8220; css=&#8220;.vc_custom_1746781945350{margin-top: 2em !important;margin-bottom: 3em !important;}&#8220;][vc_column][vc_column_text css=&#8220;&#8220;]\n<h1 style=\"text-align: left;\">Sportmundschutz<\/h1>\n[\/vc_column_text][vc_column_text css=&#8220;&#8220;]\n<h2><span style=\"color: #47bed7;\">Den Pokal gewinnen \u2013 und dabei alle Z\u00e4hne behalten<\/span><\/h2>\n[\/vc_column_text][\/vc_column][\/vc_row][vc_row css_animation=&#8220;fadeIn&#8220;][vc_column width=&#8220;1\/2&#8243;][vc_row_inner][vc_column_inner][vc_column_text css=&#8220;.vc_custom_1746710570051{border-left-width: 2px !important;padding-left: 15px !important;border-left-style: solid !important;border-color: #DEDC00 !important;}&#8220;]\n<h3>Warum ein Sportmundschutz?<\/h3>\n[\/vc_column_text][\/vc_column_inner][\/vc_row_inner][vc_column_text css=&#8220;&#8220;]\n<p class=\"\" data-start=\"86\" data-end=\"238\">Einige Sportarten bergen ein erh\u00f6htes Risiko f\u00fcr Verletzungen im Mund- und Kieferbereich, z.\u202fB. bei Kampf- oder Ballsportarten oder auch Leichtathletik.<\/p>\n<p class=\"\" data-start=\"240\" data-end=\"455\">Ein pl\u00f6tzlicher Sturz, ein Ellenbogen im Zweikampf oder ein Ball mit voller Wucht \u2013 schon ist es passiert. Vor allem die Frontz\u00e4hne sind dabei besonders gef\u00e4hrdet. Ein Sportmundschutz hilft, genau das zu verhindern!<\/p>\n<p class=\"\" data-start=\"457\" data-end=\"684\"><strong>\u00dcbrigens: Auch bei Kindern ist ein individuell angepasster Sportmundschutz sinnvoll \u2013 besonders bei sportlich aktiven Kids, die voller Energie und Ehrgeiz dabei sind. So bleibt ihr L\u00e4cheln auch nach dem Training unversehrt.<\/strong><\/p>\n[\/vc_column_text][\/vc_column][vc_column width=&#8220;1\/2&#8243;][vc_row_inner][vc_column_inner][vc_column_text css=&#8220;.vc_custom_1746710203969{border-left-width: 2px !important;padding-left: 15px !important;border-left-style: solid !important;border-color: #DEDC00 !important;}&#8220;]\n<h3>Ein individuell gefertigter Sportmundschutz sch\u00fctzt:<\/h3>\n[\/vc_column_text][\/vc_column_inner][\/vc_row_inner][vc_column_text css=&#8220;&#8220;]\n<ul class=\"ul1\">\n<li class=\"li2\">die <span style=\"color: #47bed7;\">Z\u00e4hne<\/span> vor Br\u00fcchen oder dem kompletten Verlust<\/li>\n<li class=\"li2\">den <span style=\"color: #47bed7;\">Kiefer<\/span> vor Verletzungen oder Gelenkproblemen<\/li>\n<li class=\"li2\">die <span style=\"color: #47bed7;\">Weichgewebe<\/span> im Mund (Lippen, Zunge, Wangen) vor Platzwunden<\/li>\n<li class=\"li2\">bei manchen Sportarten sogar das <span style=\"color: #47bed7;\">Gehirn<\/span> durch leichte D\u00e4mpfung der Krafteinwirkung<\/li>\n<\/ul>\n<p class=\"p2\">Vor allem bei Kindern und Jugendlichen, die im Verein oder in der Schule aktiv Sport treiben, ist ein guter Schutz empfehlenswert \u2013 besonders dann, wenn bleibende Z\u00e4hne bereits durchgebrochen sind.<\/p>\n[\/vc_column_text][\/vc_column][\/vc_row][vc_row css_animation=&#8220;fadeIn&#8220; css=&#8220;.vc_custom_1748865788764{margin-bottom: 100px !important;}&#8220;][vc_column width=&#8220;1\/2&#8243;][vc_row_inner][vc_column_inner][vc_column_text css=&#8220;.vc_custom_1746710390653{border-left-width: 2px !important;padding-left: 15px !important;border-left-style: solid !important;border-color: #DEDC00 !important;}&#8220;]\n<h3>Individuell angepasst \u2013 Mehr Schutz &amp; Komfort<\/h3>\n[\/vc_column_text][\/vc_column_inner][\/vc_row_inner][vc_column_text css=&#8220;&#8220;]\n<p class=\"p2\">Im Gegensatz zu konfektionierten Schienen aus dem Sportgesch\u00e4ft oder Drogeriemarkt wird der professionelle <strong>Sportmundschutz<\/strong> bei uns <strong>ma\u00dfgefertigt<\/strong>. Nach einem Abdruck Ihrer Z\u00e4hne stellen wir im zahntechnischen Labor einen passgenauen Mundschutz her, der:<\/p>\n<ul class=\"ul1\">\n<li class=\"li2\">sicher sitzt, ohne zu verrutschen<\/li>\n<li class=\"li2\">das Atmen und Sprechen nicht \u00fcberm\u00e4\u00dfig beeintr\u00e4chtigt<\/li>\n<li class=\"li2\">aus flexiblem, robustem Material besteht<\/li>\n<li class=\"li2\">bei Bedarf in Wunschfarben oder mit Namenskennzeichnung erh\u00e4ltlich ist<\/li>\n<\/ul>\n<p class=\"p2\">Vom Abdruck bis zur fertigen Schiene dauert es in der Regel nur <strong>wenige Tage<\/strong>. Und der Unterschied zum Standardmodell ist dabei deutlich: <strong>Besserer Halt<\/strong>, <strong>mehr Komfort<\/strong> \u2013 und vor allem <strong>deutlich mehr Schutz<\/strong>.<\/p>\n[\/vc_column_text][\/vc_column][vc_column width=&#8220;1\/2&#8243;][vc_row_inner][vc_column_inner][vc_column_text css=&#8220;.vc_custom_1746710480050{border-left-width: 2px !important;padding-left: 15px !important;border-left-style: solid !important;border-color: #DEDC00 !important;}&#8220;]\n<h3>F\u00fcr wen bietet sich ein Sportmundschutz an?<\/h3>\n[\/vc_column_text][\/vc_column_inner][\/vc_row_inner][vc_column_text css=&#8220;&#8220;]\n<p class=\"p2\">Ein individuell gefertigter Mundschutz ist sinnvoll bei vielen <strong>kontaktintensiven oder sturzgef\u00e4hrdeten Sportarten<\/strong> \u2013 zum Beispiel:<\/p>\n<ul class=\"ul1\">\n<li class=\"li2\">Kampfsportarten (Boxen, Karate, Judo)<\/li>\n<li class=\"li2\">Ballsportarten (Handball, Hockey, Basketball, Fu\u00dfball)<\/li>\n<li class=\"li2\">Reiten, BMX, Mountainbiking, Skateboarden, Inlineskaten<\/li>\n<li class=\"li2\">Ger\u00e4teturnen, Snowboarden oder \u00e4hnliche risikobehaftete Aktivit\u00e4ten<\/li>\n<\/ul>\n<p class=\"p2\">Auch bei einer <strong>kieferorthop\u00e4dischen Behandlung<\/strong> (wie z.B. einer Zahnspange) kann ein spezieller Sportmundschutz angepasst werden \u2013 sprechen Sie uns einfach an.<\/p>\n<p class=\"p4\">Wenn Sie oder Ihr Kind aktiv Sport treiben und auf Nummer sicher gehen m\u00f6chten, beraten wir Sie gerne pers\u00f6nlich zum passenden Schutz.<\/p>\n[\/vc_column_text][\/vc_column][\/vc_row]\n<\/div>","protected":false},"excerpt":{"rendered":"<p>[vc_row][vc_column][vc_raw_html css=&#8220;&#8220;]JTVCd3BleF90ZW1wbGF0ZSUyMGlkJTNEJTIyODgwJTIyJTVE[\/vc_raw_html][\/vc_column][\/vc_row][vc_row css_animation=&#8220;fadeIn&#8220; content_placement=&#8220;middle&#8220; remove_bottom_col_margin=&#8220;true&#8220; css=&#8220;.vc_custom_1746781945350{margin-top: 2em !important;margin-bottom: 3em !important;}&#8220;][vc_column][vc_column_text css=&#8220;&#8220;] Sportmundschutz [\/vc_column_text][vc_column_text css=&#8220;&#8220;] Den Pokal gewinnen \u2013 und dabei alle Z\u00e4hne behalten [\/vc_column_text][\/vc_column][\/vc_row][vc_row css_animation=&#8220;fadeIn&#8220;][vc_column width=&#8220;1\/2&#8243;][vc_row_inner][vc_column_inner][vc_column_text css=&#8220;.vc_custom_1746710570051{border-left-width: 2px !important;padding-left: 15px !important;border-left-style: solid !important;border-color: #DEDC00 !important;}&#8220;] Warum ein Sportmundschutz? [\/vc_column_text][\/vc_column_inner][\/vc_row_inner][vc_column_text css=&#8220;&#8220;] Einige Sportarten bergen ein erh\u00f6htes Risiko f\u00fcr Verletzungen im Mund- und Kieferbereich, z.\u202fB. bei Kampf-&hellip;<\/p>\n","protected":false},"author":2,"featured_media":0,"parent":167,"menu_order":0,"comment_status":"closed","ping_status":"closed","template":"","meta":{"inline_featured_image":false,"footnotes":"","_links_to":"","_links_to_target":""},"class_list":["post-1448","page","type-page","status-publish","hentry","entry","no-media"],"_links":{"self":[{"href":"https:\/\/www.zahnzentrum-ush.de\/index.php\/wp-json\/wp\/v2\/pages\/1448","targetHints":{"allow":["GET"]}}],"collection":[{"href":"https:\/\/www.zahnzentrum-ush.de\/index.php\/wp-json\/wp\/v2\/pages"}],"about":[{"href":"https:\/\/www.zahnzentrum-ush.de\/index.php\/wp-json\/wp\/v2\/types\/page"}],"author":[{"embeddable":true,"href":"https:\/\/www.zahnzentrum-ush.de\/index.php\/wp-json\/wp\/v2\/users\/2"}],"replies":[{"embeddable":true,"href":"https:\/\/www.zahnzentrum-ush.de\/index.php\/wp-json\/wp\/v2\/comments?post=1448"}],"version-history":[{"count":14,"href":"https:\/\/www.zahnzentrum-ush.de\/index.php\/wp-json\/wp\/v2\/pages\/1448\/revisions"}],"predecessor-version":[{"id":1904,"href":"https:\/\/www.zahnzentrum-ush.de\/index.php\/wp-json\/wp\/v2\/pages\/1448\/revisions\/1904"}],"up":[{"embeddable":true,"href":"https:\/\/www.zahnzentrum-ush.de\/index.php\/wp-json\/wp\/v2\/pages\/167"}],"wp:attachment":[{"href":"https:\/\/www.zahnzentrum-ush.de\/index.php\/wp-json\/wp\/v2\/media?parent=1448"}],"curies":[{"name":"wp","href":"https:\/\/api.w.org\/{rel}","templated":true}]}}