{"id":1127,"date":"2025-04-03T08:08:40","date_gmt":"2025-04-03T06:08:40","guid":{"rendered":"https:\/\/www.zahnzentrum-ush.de\/?page_id=1127"},"modified":"2025-05-21T11:49:48","modified_gmt":"2025-05-21T09:49:48","slug":"parodontologie","status":"publish","type":"page","link":"https:\/\/www.zahnzentrum-ush.de\/index.php\/allg-leistungen\/parodontologie\/","title":{"rendered":"Parodontologie"},"content":{"rendered":"<div class=\"wpb-content-wrapper\">[vc_row][vc_column][vc_raw_html css=&#8220;&#8220;]JTVCd3BleF90ZW1wbGF0ZSUyMGlkJTNEJTIyODgwJTIyJTVE[\/vc_raw_html][\/vc_column][\/vc_row][vc_row css_animation=&#8220;fadeIn&#8220; content_placement=&#8220;middle&#8220; remove_bottom_col_margin=&#8220;true&#8220; css=&#8220;.vc_custom_1746691002884{margin-top: 2em !important;margin-bottom: 2em !important;}&#8220;][vc_column][vc_column_text css=&#8220;&#8220;]\n<h1>Parodontologie<\/h1>\n[\/vc_column_text][vc_column_text css=&#8220;&#8220;]\n<h2><span style=\"color: #47bed7;\">Fr\u00fch erkennen, Sp\u00e4tfolgen vermeiden<\/span><\/h2>\n[\/vc_column_text][\/vc_column][\/vc_row][vc_row css_animation=&#8220;fadeInLeft&#8220; gap=&#8220;35&#8243; css=&#8220;.vc_custom_1746689034613{margin-bottom: 35px !important;}&#8220;][vc_column width=&#8220;1\/2&#8243;][vc_row_inner][vc_column_inner][vc_column_text css=&#8220;.vc_custom_1746688544753{border-left-width: 2px !important;padding-left: 15px !important;border-left-style: solid !important;border-color: #DEDC00 !important;}&#8220;]\n<h3 class=\"p1\">Bei einer Parodontitis gilt mehr denn je: Vorsorge ist besser als Nachsorge!<\/h3>\n[\/vc_column_text][\/vc_column_inner][\/vc_row_inner][vc_column_text css=&#8220;&#8220;]\n<p class=\"p1\">An was denken Sie bei Diabetes, Herzinfarkt, Schlaganfall, Stress? Wir denken an Ihren Zahnhalteapparat, denn das <strong>Parodont<\/strong> ist ein Schl\u00fcsselfaktor f\u00fcr Ihre Allgemeingesundheit!<\/p>\n<p class=\"p1\">Ein Blick in Ihren Mund kann uns auf der anderen Seite sogar verraten, wie es Ihnen geht, denn wenn Sie sich \u201edurchbei\u00dfen m\u00fcssen\u201c geht das nicht spurlos an Ihren Z\u00e4hnen vorbei und gerade der Zahnhalteapparat reagiert mitunter empfindlich auf mentale Ausnahmesituationen. <strong>Gesundes Zahnfleisch<\/strong> st\u00e4rkt also nicht nur Ihre Z\u00e4hne und bildet die Basis f\u00fcr den langfristigen Erhalt Ihrer Z\u00e4hne, sondern sch\u00fctzt auch Ihre <strong>allgemeine Gesundheit<\/strong>.<\/p>\n<p class=\"p1\">Die Parodontologie ist ein zentraler Bestandteil unserer Praxis. Dieser Fachbereich konzentriert sich auf die <strong>Untersuchung, Vorbeugung<\/strong> und <strong>Behandlung<\/strong> von <strong>Erkrankungen des Zahnfleisches<\/strong> und des Zahnhalteapparates.<\/p>\n<p class=\"p1\">Mit unserer Expertise in der Parodontologie k\u00f6nnen wir <strong>fr\u00fchzeitig Zahnfleischerkrankungen erkennen<\/strong>, diagnostizieren und behandeln, um das Risiko von Zahnsch\u00e4den und Zahnverlust zu minimieren.<\/p>\n[\/vc_column_text][vc_column_text css=&#8220;&#8220;][\/vc_column_text][vc_column_text css=&#8220;&#8220;][\/vc_column_text][\/vc_column][vc_column width=&#8220;1\/2&#8243;][vc_row_inner][vc_column_inner][vc_column_text css=&#8220;.vc_custom_1746688850316{border-left-width: 2px !important;padding-left: 15px !important;border-left-style: solid !important;border-color: #DEDC00 !important;}&#8220;]\n<h3 class=\"p1\">Unsere Behandlungsans\u00e4tze<\/h3>\n[\/vc_column_text][\/vc_column_inner][\/vc_row_inner][vc_column_text css=&#8220;&#8220;]<span style=\"color: #47bed7;\">Professionelle Zahnreinigung:<\/span> Die Basis nachhaltiger Mundhygiene und Parodontitis-Prophylaxe.<\/p>\n<p><span style=\"color: #47bed7;\"><span class=\"s1\">Scaling und Root Planing<\/span>: <\/span>In einer weiteren Behandlung reinigen wir auch die tieferliegenden Zahnwurzelfl\u00e4chen, um Bakterien und entz\u00fcndetes Gewebe zu entfernen.<\/p>\n<p><span style=\"color: #47bed7;\">Antibakterielle Behandlung: <\/span>Bei Bedarf k\u00f6nnen wir das Keimspektrum bestimmen und gezielt die richtige Medikation einsetzen.<\/p>\n<p><span style=\"color: #47bed7;\">Regenerative Verfahren:<\/span> In fortgeschrittenen F\u00e4llen kann es notwendig sein, regenerative Verfahren anzuwenden, um das Zahnfleisch und den Kieferknochen wiederherzustellen. Hierzu z\u00e4hlen Techniken wie die Verwendung von Membranen oder Knochenaufbau.<\/p>\n<p><span style=\"color: #47bed7;\">Langfristige Pflege<\/span>: Nach der Therapie ist es besonders wichtig, regelm\u00e4\u00dfige Nachuntersuchungen und professionelle Zahnreinigungen durchzuf\u00fchren, um R\u00fcckf\u00e4lle zu vermeiden.<\/p>\n<p><span style=\"color: #47bed7;\">\u00a0Parodontalchirurgie: <\/span>Wenn nicht-chirurgische Ma\u00dfnahmen wie professionelle Zahnreinigung oder konventionelle Parodontitisbehandlung nicht ausreichen, um die Entz\u00fcndung zu stoppen oder Gewebeverluste auszugleichen kommt die <strong><a title=\"Chirurgie\" href=\"https:\/\/www.zahnzentrum-ush.de\/index.php\/allg-leistungen\/chirurgie#chirurgie\">Parodontalchirurgie<\/a><\/strong> zum Einsatz,[\/vc_column_text][\/vc_column][\/vc_row][vc_row css_animation=&#8220;fadeInRight&#8220; gap=&#8220;35&#8243;][vc_column][vc_row_inner][vc_column_inner][vc_column_text css=&#8220;.vc_custom_1746688917761{border-left-width: 2px !important;padding-left: 15px !important;border-left-style: solid !important;border-color: #DEDC00 !important;}&#8220;]\n<h3>Was ist Parodontitis?<\/h3>\n[\/vc_column_text][\/vc_column_inner][\/vc_row_inner][vc_column_text css=&#8220;&#8220;]\n<p class=\"p1\"><span class=\"s1\">Eine Parodontitis ist eine bakterienvermittelte Entz\u00fcndung des Zahnhalteapparates. Im fortgeschritteneren Stadium ist sie eine der Hauptursachen f\u00fcr Zahnverlust.<\/span><b> <\/b><\/p>\n<p class=\"p1\">Die Krankheit beginnt oft schleichend mit einer Entz\u00fcndung des Zahnfleisches. Ob sich daraus eine Parodontitis entwickelt h\u00e4ngt von genetischen Faktoren, anderen Erkrankungen wie Diabetes oder Rheuma, Ihren Lebensgewohnheiten (Rauchen, Stress,..) und der Menge und dem Gleichgewicht der Bakterien im Zahnbelag, dem oralen Biofilm ab.<span class=\"Apple-converted-space\">\u00a0 <\/span>Auch bei guter Mundhygiene kann daher ein gewisses Risiko bestehen. Wenn diese Entz\u00fcndung nicht behandelt wird, kann sie das Gewebe rund um die Z\u00e4hne angreifen und zu deren Lockerung f\u00fchren. Mit der Behandlung der Parodontitis leisten wir einen wertvollen Beitrag in der Pr\u00e4vention von Herzinfarkt, Schlaganfall und Diabetes, denn die Entz\u00fcndung am Zahnhalteapparat erh\u00f6ht das Risiko f\u00fcr diese schweren Erkrankungen deutlich.<\/p>\n[\/vc_column_text][\/vc_column][\/vc_row][vc_row css_animation=&#8220;fadeInUp&#8220; css=&#8220;.vc_custom_1746689075148{margin-bottom: 100px !important;}&#8220;][vc_column][vc_row_inner][vc_column_inner][vc_column_text css=&#8220;.vc_custom_1746688958550{border-left-width: 2px !important;padding-left: 15px !important;border-left-style: solid !important;border-color: #DEDC00 !important;}&#8220;]\n<h3 class=\"p1\">Woran merke ich, dass ich evtl. eine beginnende Parodontits haben k\u00f6nnte?<\/h3>\n[\/vc_column_text][\/vc_column_inner][\/vc_row_inner][vc_column_text css=&#8220;&#8220;]\n<p class=\"p1\">Achten Sie auf Symptome wie geschwollenes, rotes Zahnfleisch, Zahnfleischbluten beim Z\u00e4hneputzen oder einen anhaltend schlechten Atem. Wenn Sie als Raucher oder Diabetiker zu den Hochrisikogruppen z\u00e4hlen ist ein regelm\u00e4\u00dfiger Check umso wichtiger.<\/p>\n[\/vc_column_text][\/vc_column][\/vc_row]\n<\/div>","protected":false},"excerpt":{"rendered":"<p>[vc_row][vc_column][vc_raw_html css=&#8220;&#8220;]JTVCd3BleF90ZW1wbGF0ZSUyMGlkJTNEJTIyODgwJTIyJTVE[\/vc_raw_html][\/vc_column][\/vc_row][vc_row css_animation=&#8220;fadeIn&#8220; content_placement=&#8220;middle&#8220; remove_bottom_col_margin=&#8220;true&#8220; css=&#8220;.vc_custom_1746691002884{margin-top: 2em !important;margin-bottom: 2em !important;}&#8220;][vc_column][vc_column_text css=&#8220;&#8220;] Parodontologie [\/vc_column_text][vc_column_text css=&#8220;&#8220;] Fr\u00fch erkennen, Sp\u00e4tfolgen vermeiden [\/vc_column_text][\/vc_column][\/vc_row][vc_row css_animation=&#8220;fadeInLeft&#8220; gap=&#8220;35&#8243; css=&#8220;.vc_custom_1746689034613{margin-bottom: 35px !important;}&#8220;][vc_column width=&#8220;1\/2&#8243;][vc_row_inner][vc_column_inner][vc_column_text css=&#8220;.vc_custom_1746688544753{border-left-width: 2px !important;padding-left: 15px !important;border-left-style: solid !important;border-color: #DEDC00 !important;}&#8220;] Bei einer Parodontitis gilt mehr denn je: Vorsorge ist besser als Nachsorge! [\/vc_column_text][\/vc_column_inner][\/vc_row_inner][vc_column_text css=&#8220;&#8220;] An was denken Sie bei Diabetes, Herzinfarkt,&hellip;<\/p>\n","protected":false},"author":2,"featured_media":0,"parent":167,"menu_order":0,"comment_status":"closed","ping_status":"closed","template":"","meta":{"inline_featured_image":false,"footnotes":"","_links_to":"","_links_to_target":""},"class_list":["post-1127","page","type-page","status-publish","hentry","entry","no-media"],"_links":{"self":[{"href":"https:\/\/www.zahnzentrum-ush.de\/index.php\/wp-json\/wp\/v2\/pages\/1127","targetHints":{"allow":["GET"]}}],"collection":[{"href":"https:\/\/www.zahnzentrum-ush.de\/index.php\/wp-json\/wp\/v2\/pages"}],"about":[{"href":"https:\/\/www.zahnzentrum-ush.de\/index.php\/wp-json\/wp\/v2\/types\/page"}],"author":[{"embeddable":true,"href":"https:\/\/www.zahnzentrum-ush.de\/index.php\/wp-json\/wp\/v2\/users\/2"}],"replies":[{"embeddable":true,"href":"https:\/\/www.zahnzentrum-ush.de\/index.php\/wp-json\/wp\/v2\/comments?post=1127"}],"version-history":[{"count":20,"href":"https:\/\/www.zahnzentrum-ush.de\/index.php\/wp-json\/wp\/v2\/pages\/1127\/revisions"}],"predecessor-version":[{"id":1854,"href":"https:\/\/www.zahnzentrum-ush.de\/index.php\/wp-json\/wp\/v2\/pages\/1127\/revisions\/1854"}],"up":[{"embeddable":true,"href":"https:\/\/www.zahnzentrum-ush.de\/index.php\/wp-json\/wp\/v2\/pages\/167"}],"wp:attachment":[{"href":"https:\/\/www.zahnzentrum-ush.de\/index.php\/wp-json\/wp\/v2\/media?parent=1127"}],"curies":[{"name":"wp","href":"https:\/\/api.w.org\/{rel}","templated":true}]}}